{"id":4794,"date":"2023-05-01T10:56:42","date_gmt":"2023-05-01T10:56:42","guid":{"rendered":"https:\/\/estove.ee\/?page_id=4794"},"modified":"2026-02-04T09:36:27","modified_gmt":"2026-02-04T07:36:27","slug":"tooted-ja-teenused","status":"publish","type":"page","link":"http:\/\/estove.ee\/en\/tooted-ja-teenused\/","title":{"rendered":"Tooted ja teenused"},"content":{"rendered":"","protected":false},"excerpt":{"rendered":"","protected":false},"author":1,"featured_media":0,"parent":0,"menu_order":0,"comment_status":"closed","ping_status":"closed","template":"","meta":{"inline_featured_image":false,"footnotes":""},"class_list":["post-4794","page","type-page","status-publish","hentry"],"yoast_head":"<!-- This site is optimized with the Yoast SEO plugin v27.4 - https:\/\/yoast.com\/product\/yoast-seo-wordpress\/ -->\n<title>Tooted &amp; Teenused \u2013 Pitsaahjud, Suitsuahjud &amp; Metallit\u00f6\u00f6d | ESTOVE<\/title>\n<meta name=\"description\" content=\"Vaata meie tooteid: pitsaahjud, suitsuahjud, kombinahjud, suitsusauna kerised, v\u00e4likolded, \u00f6kom\u00f6\u00f6bel ja metallit\u00f6\u00f6d.\" \/>\n<meta name=\"robots\" content=\"index, follow, max-snippet:-1, max-image-preview:large, max-video-preview:-1\" \/>\n<link rel=\"canonical\" href=\"http:\/\/estove.ee\/en\/tooted-ja-teenused\/\" \/>\n<meta property=\"og:locale\" content=\"en_US\" \/>\n<meta property=\"og:type\" content=\"article\" \/>\n<meta property=\"og:title\" content=\"Tooted &amp; Teenused \u2013 Pitsaahjud, Suitsuahjud &amp; Metallit\u00f6\u00f6d | ESTOVE\" \/>\n<meta property=\"og:description\" content=\"Vaata meie tooteid: pitsaahjud, suitsuahjud, kombinahjud, suitsusauna kerised, v\u00e4likolded, \u00f6kom\u00f6\u00f6bel ja metallit\u00f6\u00f6d.\" \/>\n<meta property=\"og:url\" content=\"http:\/\/estove.ee\/en\/tooted-ja-teenused\/\" \/>\n<meta property=\"og:site_name\" content=\"ESTOVE O\u00dc\" \/>\n<meta property=\"article:modified_time\" content=\"2026-02-04T07:36:27+00:00\" \/>\n<meta name=\"twitter:card\" content=\"summary_large_image\" \/>\n<script type=\"application\/ld+json\" class=\"yoast-schema-graph\">{\"@context\":\"https:\\\/\\\/schema.org\",\"@graph\":[{\"@type\":\"WebPage\",\"@id\":\"http:\\\/\\\/estove.ee\\\/en\\\/tooted-ja-teenused\\\/\",\"url\":\"http:\\\/\\\/estove.ee\\\/en\\\/tooted-ja-teenused\\\/\",\"name\":\"Tooted & Teenused \u2013 Pitsaahjud, Suitsuahjud & Metallit\u00f6\u00f6d | ESTOVE\",\"isPartOf\":{\"@id\":\"http:\\\/\\\/www.estove.ee\\\/en\\\/#website\"},\"datePublished\":\"2023-05-01T10:56:42+00:00\",\"dateModified\":\"2026-02-04T07:36:27+00:00\",\"description\":\"Vaata meie tooteid: pitsaahjud, suitsuahjud, kombinahjud, suitsusauna kerised, v\u00e4likolded, \u00f6kom\u00f6\u00f6bel ja metallit\u00f6\u00f6d.\",\"breadcrumb\":{\"@id\":\"http:\\\/\\\/estove.ee\\\/en\\\/tooted-ja-teenused\\\/#breadcrumb\"},\"inLanguage\":\"en-US\",\"potentialAction\":[{\"@type\":\"ReadAction\",\"target\":[\"http:\\\/\\\/estove.ee\\\/en\\\/tooted-ja-teenused\\\/\"]}]},{\"@type\":\"BreadcrumbList\",\"@id\":\"http:\\\/\\\/estove.ee\\\/en\\\/tooted-ja-teenused\\\/#breadcrumb\",\"itemListElement\":[{\"@type\":\"ListItem\",\"position\":1,\"name\":\"Home\",\"item\":\"http:\\\/\\\/www.estove.ee\\\/en\\\/\"},{\"@type\":\"ListItem\",\"position\":2,\"name\":\"Tooted ja teenused\"}]},{\"@type\":\"WebSite\",\"@id\":\"http:\\\/\\\/www.estove.ee\\\/en\\\/#website\",\"url\":\"http:\\\/\\\/www.estove.ee\\\/en\\\/\",\"name\":\"ESTOVE O\u00dc\",\"description\":\"K\u00e4sit\u00f6\u00f6na valmistatud suitsuahjud, pitsaahjud, suitsusauna kerised ja teised tulekolded\",\"potentialAction\":[{\"@type\":\"SearchAction\",\"target\":{\"@type\":\"EntryPoint\",\"urlTemplate\":\"http:\\\/\\\/www.estove.ee\\\/en\\\/?s={search_term_string}\"},\"query-input\":{\"@type\":\"PropertyValueSpecification\",\"valueRequired\":true,\"valueName\":\"search_term_string\"}}],\"inLanguage\":\"en-US\"}]}<\/script>\n<!-- \/ Yoast SEO plugin. -->","yoast_head_json":{"title":"Tooted & Teenused \u2013 Pitsaahjud, Suitsuahjud & Metallit\u00f6\u00f6d | ESTOVE","description":"Vaata meie tooteid: pitsaahjud, suitsuahjud, kombinahjud, suitsusauna kerised, v\u00e4likolded, \u00f6kom\u00f6\u00f6bel ja metallit\u00f6\u00f6d.","robots":{"index":"index","follow":"follow","max-snippet":"max-snippet:-1","max-image-preview":"max-image-preview:large","max-video-preview":"max-video-preview:-1"},"canonical":"http:\/\/estove.ee\/en\/tooted-ja-teenused\/","og_locale":"en_US","og_type":"article","og_title":"Tooted & Teenused \u2013 Pitsaahjud, Suitsuahjud & Metallit\u00f6\u00f6d | ESTOVE","og_description":"Vaata meie tooteid: pitsaahjud, suitsuahjud, kombinahjud, suitsusauna kerised, v\u00e4likolded, \u00f6kom\u00f6\u00f6bel ja metallit\u00f6\u00f6d.","og_url":"http:\/\/estove.ee\/en\/tooted-ja-teenused\/","og_site_name":"ESTOVE O\u00dc","article_modified_time":"2026-02-04T07:36:27+00:00","twitter_card":"summary_large_image","schema":{"@context":"https:\/\/schema.org","@graph":[{"@type":"WebPage","@id":"http:\/\/estove.ee\/en\/tooted-ja-teenused\/","url":"http:\/\/estove.ee\/en\/tooted-ja-teenused\/","name":"Tooted & Teenused \u2013 Pitsaahjud, Suitsuahjud & Metallit\u00f6\u00f6d | ESTOVE","isPartOf":{"@id":"http:\/\/www.estove.ee\/en\/#website"},"datePublished":"2023-05-01T10:56:42+00:00","dateModified":"2026-02-04T07:36:27+00:00","description":"Vaata meie tooteid: pitsaahjud, suitsuahjud, kombinahjud, suitsusauna kerised, v\u00e4likolded, \u00f6kom\u00f6\u00f6bel ja metallit\u00f6\u00f6d.","breadcrumb":{"@id":"http:\/\/estove.ee\/en\/tooted-ja-teenused\/#breadcrumb"},"inLanguage":"en-US","potentialAction":[{"@type":"ReadAction","target":["http:\/\/estove.ee\/en\/tooted-ja-teenused\/"]}]},{"@type":"BreadcrumbList","@id":"http:\/\/estove.ee\/en\/tooted-ja-teenused\/#breadcrumb","itemListElement":[{"@type":"ListItem","position":1,"name":"Home","item":"http:\/\/www.estove.ee\/en\/"},{"@type":"ListItem","position":2,"name":"Tooted ja teenused"}]},{"@type":"WebSite","@id":"http:\/\/www.estove.ee\/en\/#website","url":"http:\/\/www.estove.ee\/en\/","name":"ESTOVE O\u00dc","description":"K\u00e4sit\u00f6\u00f6na valmistatud suitsuahjud, pitsaahjud, suitsusauna kerised ja teised tulekolded","potentialAction":[{"@type":"SearchAction","target":{"@type":"EntryPoint","urlTemplate":"http:\/\/www.estove.ee\/en\/?s={search_term_string}"},"query-input":{"@type":"PropertyValueSpecification","valueRequired":true,"valueName":"search_term_string"}}],"inLanguage":"en-US"}]}},"_links":{"self":[{"href":"http:\/\/estove.ee\/en\/wp-json\/wp\/v2\/pages\/4794","targetHints":{"allow":["GET"]}}],"collection":[{"href":"http:\/\/estove.ee\/en\/wp-json\/wp\/v2\/pages"}],"about":[{"href":"http:\/\/estove.ee\/en\/wp-json\/wp\/v2\/types\/page"}],"author":[{"embeddable":true,"href":"http:\/\/estove.ee\/en\/wp-json\/wp\/v2\/users\/1"}],"replies":[{"embeddable":true,"href":"http:\/\/estove.ee\/en\/wp-json\/wp\/v2\/comments?post=4794"}],"version-history":[{"count":1,"href":"http:\/\/estove.ee\/en\/wp-json\/wp\/v2\/pages\/4794\/revisions"}],"predecessor-version":[{"id":6168,"href":"http:\/\/estove.ee\/en\/wp-json\/wp\/v2\/pages\/4794\/revisions\/6168"}],"wp:attachment":[{"href":"http:\/\/estove.ee\/en\/wp-json\/wp\/v2\/media?parent=4794"}],"curies":[{"name":"wp","href":"https:\/\/api.w.org\/{rel}","templated":true}]}}