{"id":5283,"date":"2023-07-11T11:41:58","date_gmt":"2023-07-11T11:41:58","guid":{"rendered":"https:\/\/estove.ee\/?page_id=5283"},"modified":"2026-02-04T12:29:37","modified_gmt":"2026-02-04T10:29:37","slug":"okomoobel","status":"publish","type":"page","link":"http:\/\/estove.ee\/en\/tooted-ja-teenused\/okomoobel\/","title":{"rendered":"Ecofriendly furniture"},"content":{"rendered":"<p><section data-bb-version=\"4.9.1\" id=\"bt_bb_section69de37545ccc9\" class=\"bt_bb_section bt_bb_color_scheme_1 bt_bb_layout_boxed_1000 bt_bb_vertical_align_top bt_bb_top_spacing_extra_large bt_bb_bottom_spacing_extra_large\" style=\"; --section-primary-color:#ffffff; --section-secondary-color:#111112;;background-color:#2c5f94;\" data-bt-override-class=\"{&quot;bt_bb_top_spacing_&quot;:{&quot;current_class&quot;:&quot;bt_bb_top_spacing_extra_large&quot;,&quot;def&quot;:&quot;extra_large&quot;},&quot;bt_bb_bottom_spacing_&quot;:{&quot;current_class&quot;:&quot;bt_bb_bottom_spacing_extra_large&quot;,&quot;def&quot;:&quot;extra_large&quot;}}\"><div class=\"bt_bb_background_image_holder_wrapper\"><div class=\"bt_bb_background_image_holder bt_bb_parallax\"  data-parallax=\"0.7\" data-parallax-offset=\"0\" data-parallax-zoom-start=\"1\" data-parallax-zoom-end=\"1\" data-parallax-blur-start=\"0\" data-parallax-blur-end=\"0\" data-parallax-opacity-start=\"1\" data-parallax-opacity-end=\"1\" style=\" background-image:url(&#039;https:\/\/estove.ee\/wp-content\/uploads\/2024\/05\/DSC_4730-copy.jpg&#039;);\"><\/div><\/div><div class=\"bt_bb_port\"><div class=\"bt_bb_cell\"><div class=\"bt_bb_cell_inner\"><div class=\"bt_bb_row\"  data-bt-override-class=\"{}\"><div class=\"bt_bb_row_holder\" ><div  class=\"bt_bb_column col-xxl-12 col-xl-12 bt_bb_vertical_align_top bt_bb_align_center bt_bb_padding_normal bt_bb_animation_fade_in animate\" style=\"; --column-width:12;\" data-width=\"12\" data-bt-override-class=\"{}\"><div class=\"bt_bb_column_content\"><div class=\"bt_bb_column_content_inner\"><header data-bb-version=\"4.9.1\" class=\"bt_bb_headline bt_bb_font_weight_bold bt_bb_color_scheme_1 bt_bb_dash_none bt_bb_size_normal bt_bb_subheadline bt_bb_align_inherit\" style=\"; --headline-primary-color:#ffffff; --headline-secondary-color:#111112;\" data-bt-override-class=\"{&quot;bt_bb_size_&quot;:{&quot;current_class&quot;:&quot;bt_bb_size_normal&quot;,&quot;def&quot;:&quot;normal&quot;},&quot;bt_bb_align_&quot;:{&quot;current_class&quot;:&quot;bt_bb_align_inherit&quot;,&quot;def&quot;:&quot;inherit&quot;}}\"><h1 class=\"bt_bb_headline_tag\"><span class=\"bt_bb_headline_content\"><span >Ecofriendly furniture<\/span><\/span><\/h1><div class=\"bt_bb_headline_subheadline\" style=\"color: rgb(255,255,255);\">Furniture made from recycled materials - shelves, doors, tables, wooden shelves, work corners and other special solutions.<br \/><br \/>\nUnique craftsmanship!<\/div><\/header><div class=\"bt_bb_separator bt_bb_border_style_none bt_bb_bottom_spacing_normal\" data-bt-override-class=\"null\"><\/div><\/div><\/div><\/div><\/div><\/div><\/div><!-- cell_inner --><\/div><!-- cell --><\/div><!-- port --><\/section><section data-bb-version=\"4.5.5\" id=\"sliderjainfo\" class=\"bt_bb_section bt_bb_layout_wide bt_bb_vertical_align_top bt_bb_top_spacing_ bt_bb_bottom_spacing_medium\" style=\";background-color:rgb(255,255,255);\" data-bt-override-class=\"{&quot;bt_bb_top_spacing_&quot;:{&quot;current_class&quot;:&quot;bt_bb_top_spacing_&quot;,&quot;def&quot;:&quot;&quot;},&quot;bt_bb_bottom_spacing_&quot;:{&quot;current_class&quot;:&quot;bt_bb_bottom_spacing_medium&quot;,&quot;def&quot;:&quot;medium&quot;}}\"><div class=\"bt_bb_port\"><div class=\"bt_bb_cell\"><div class=\"bt_bb_cell_inner\"><div data-bb-version=\"4.5.5\" class=\"bt_bb_row\" style=\"max-width: 1820px; margin-left: auto; margin-right: auto; padding-bottom: 2em;\" data-bt-override-class=\"{}\"><div class=\"bt_bb_row_holder\" ><div data-bb-version=\"4.5.6\"  class=\"bt_bb_column col-xxl-8 col-xl-8 col-xs-12 col-sm-12 col-md-12 col-lg-8 bt_bb_vertical_align_top bt_bb_align_left bt_bb_padding_normal bt_bb_animation_fade_in move_right animate\" style=\"; --column-width:8;\" data-width=\"8\" data-bt-override-class=\"{&quot;bt_bb_align_&quot;:{&quot;current_class&quot;:&quot;bt_bb_align_left&quot;,&quot;def&quot;:&quot;left&quot;},&quot;bt_bb_padding_&quot;:{&quot;current_class&quot;:&quot;bt_bb_padding_normal&quot;,&quot;def&quot;:&quot;normal&quot;}}\"><div class=\"bt_bb_column_content\"><div class=\"bt_bb_column_content_inner\"><div data-bb-version=\"4.5.6\" class=\"bt_bb_slider bt_bb_height_keep-height bt_bb_show_dots_bottom bt_bb_use_lightbox bt_bb_animation_fade animate\"><div class=\"slick-slider fade\"  data-slick='{ \"lazyLoad\": \"progressive\", \"cssEase\": \"ease-out\", \"speed\": \"300\", \"fade\": true, \"dots\": true, \"prevArrow\": \"&lt;button type=\\\"button\\\" class=\\\"slick-prev\\\" aria-label=\\\"Previous\\\" tabindex=\\\"0\\\" role=\\\"button\\\"&gt;&lt;\/button&gt;\", \"nextArrow\": \"&lt;button type=\\\"button\\\" class=\\\"slick-next\\\" aria-label=\\\"Next\\\" tabindex=\\\"0\\\" role=\\\"button\\\"&gt;&lt;\/button&gt;\", ``infinite``: true;}' ><div class=\"bt_bb_slider_item\" data-src-full=\"https:\/\/estove.ee\/wp-content\/uploads\/2024\/05\/DSC_4730-copy.jpg\"><img decoding=\"async\" src=\"https:\/\/estove.ee\/wp-content\/uploads\/2024\/05\/DSC_4730-copy-1280x854.jpg\" alt=\"DSC_4730 copy\"  title=\"DSC_4730 copy\"><\/div><div class=\"bt_bb_slider_item\" data-src-full=\"https:\/\/estove.ee\/wp-content\/uploads\/2024\/05\/DSC_4740.jpg\"><img decoding=\"async\" src=\"https:\/\/estove.ee\/wp-content\/uploads\/2024\/05\/DSC_4740-1280x854.jpg\" alt=\"DSC_4740\"  title=\"DSC_4740\"><\/div><div class=\"bt_bb_slider_item\" data-src-full=\"https:\/\/estove.ee\/wp-content\/uploads\/2024\/05\/DSC_4757.jpg\"><img decoding=\"async\" src=\"https:\/\/estove.ee\/wp-content\/uploads\/2024\/05\/DSC_4757-1280x854.jpg\" alt=\"DSC_4757\"  title=\"DSC_4757\"><\/div><div class=\"bt_bb_slider_item\" data-src-full=\"https:\/\/estove.ee\/wp-content\/uploads\/2024\/05\/DSC_4759.jpg\"><img decoding=\"async\" src=\"https:\/\/estove.ee\/wp-content\/uploads\/2024\/05\/DSC_4759-1280x854.jpg\" alt=\"DSC_4759\"  title=\"DSC_4759\"><\/div><div class=\"bt_bb_slider_item\" data-src-full=\"https:\/\/estove.ee\/wp-content\/uploads\/2024\/05\/DSC_4766.jpg\"><img decoding=\"async\" src=\"https:\/\/estove.ee\/wp-content\/uploads\/2024\/05\/DSC_4766-1280x854.jpg\" alt=\"DSC_4766\"  title=\"DSC_4766\"><\/div><\/div><\/div><\/div><\/div><\/div><div data-bb-version=\"4.5.5\" id=\"omadused\" class=\"bt_bb_column col-xxl-4 col-xl-4 col-xs-12 col-sm-12 col-md-12 col-lg-4 bt_bb_vertical_align_top bt_bb_align_left bt_bb_padding_normal bt_bb_animation_fade_in move_left animate\" style=\"; --column-width:4;\" data-width=\"4\" data-bt-override-class=\"{&quot;bt_bb_align_&quot;:{&quot;current_class&quot;:&quot;bt_bb_align_left&quot;,&quot;def&quot;:&quot;left&quot;},&quot;bt_bb_padding_&quot;:{&quot;current_class&quot;:&quot;bt_bb_padding_normal&quot;,&quot;def&quot;:&quot;normal&quot;}}\"><div class=\"bt_bb_column_content\"><div class=\"bt_bb_column_content_inner\"><div data-bb-version=\"4.5.5\" class=\"bt_bb_icon delaymore bt_bb_style_outline bt_bb_size_normal bt_bb_shape_circle bt_bb_target_self bt_bb_align_center\" data-bt-override-class=\"{&quot;bt_bb_size_&quot;:{&quot;current_class&quot;:&quot;bt_bb_size_normal&quot;,&quot;def&quot;:&quot;normal&quot;},&quot;bt_bb_align_&quot;:{&quot;current_class&quot;:&quot;bt_bb_align_center&quot;,&quot;def&quot;:&quot;center&quot;}}\"><span  data-ico-fontawesome=\"&#xf299;\" class=\"bt_bb_icon_holder\"><span>Looduss\u00f5bralik Eesti k\u00e4sit\u00f6\u00f6<\/span><\/span><\/div><div data-bb-version=\"4.5.5\"  class=\"bt_bb_text\" ><\/p>\n<h2>Handcrafted and ecofriendly furniture<\/h2>\n<ul>\n<li>Personalised interior solutions<\/li>\n<li>Integrated working environments<\/li>\n<li>Shelves<\/li>\n<li>Doors<\/li>\n<li>Tables<\/li>\n<li>Firewood holders<\/li>\n<li>Unique custom projects<\/li>\n<\/ul>\n<p style=\"text-align: center\"><em>We are ready for some challenges. Get in touch!<\/em><\/p>\n<p>\n<\/div><div data-bb-version=\"4.5.6\" id=\"kontaktinupp\" class=\"bt_bb_button bt_bb_color_scheme_6 bt_bb_icon_position_left bt_bb_style_filled bt_bb_size_normal bt_bb_width_inline bt_bb_shape_inherit bt_bb_target_self bt_bb_text_transform_uppercase bt_bb_align_inherit\" style=\"; --primary-color:#ffffff; --secondary-color:#db501e;\" data-bt-override-class=\"{&quot;bt_bb_size_&quot;:{&quot;current_class&quot;:&quot;bt_bb_size_normal&quot;,&quot;def&quot;:&quot;normal&quot;},&quot;bt_bb_align_&quot;:{&quot;current_class&quot;:&quot;bt_bb_align_inherit&quot;,&quot;def&quot;:&quot;inherit&quot;}}\"><a href=\"https:\/\/estove.ee\/en\/kontakt\/\" target=\"_self\" class=\"bt_bb_link\" title=\"Get in touch\"><span class=\"bt_bb_button_text\" >Get in touch<\/span><span  data-ico-icon7stroke=\"&#xe66d;\" class=\"bt_bb_icon_holder\"><\/span><\/a><\/div><\/div><\/div><\/div><\/div><\/div><\/div><!-- cell_inner --><\/div><!-- cell --><\/div><!-- port --><\/section><section data-bb-version=\"4.5.5\" id=\"bt_bb_section69de37545db77\" class=\"bt_bb_section bt_bb_layout_wide bt_bb_vertical_align_top bt_bb_top_spacing_ bt_bb_bottom_spacing_\" style=\";background-color:rgb(255,255,255);\" data-bt-override-class=\"{&quot;bt_bb_top_spacing_&quot;:{&quot;current_class&quot;:&quot;bt_bb_top_spacing_&quot;,&quot;def&quot;:&quot;&quot;},&quot;bt_bb_bottom_spacing_&quot;:{&quot;current_class&quot;:&quot;bt_bb_bottom_spacing_&quot;,&quot;def&quot;:&quot;&quot;}}\"><div class=\"bt_bb_port\"><div class=\"bt_bb_cell\"><div class=\"bt_bb_cell_inner\"><div data-bb-version=\"4.5.5\" class=\"bt_bb_row\" style=\"margin-bottom: 44px;\" data-bt-override-class=\"{}\"><div class=\"bt_bb_row_holder\" ><div data-bb-version=\"4.5.5\"  class=\"bt_bb_column col-xxl-12 col-xl-12 col-xs-12 col-sm-12 col-md-12 col-lg-12 midrowtext bt_bb_vertical_align_top bt_bb_align_left bt_bb_padding_normal bt_bb_animation_fade_in move_up animate\" style=\"; --column-width:12;\" data-width=\"12\" data-bt-override-class=\"{&quot;bt_bb_align_&quot;:{&quot;current_class&quot;:&quot;bt_bb_align_left&quot;,&quot;def&quot;:&quot;left&quot;},&quot;bt_bb_padding_&quot;:{&quot;current_class&quot;:&quot;bt_bb_padding_normal&quot;,&quot;def&quot;:&quot;normal&quot;}}\"><div class=\"bt_bb_column_content\"><div class=\"bt_bb_column_content_inner\"><div data-bb-version=\"4.5.6\" class=\"bt_bb_row_inner bt_bb_row_width_boxed_1400\"  id=\"flexverse\" data-bt-override-class=\"{}\"><div class=\"bt_bb_row_inner_holder\"  ><div data-bb-version=\"4.5.5\" id=\"tehniline\" class=\"bt_bb_column_inner col-xxl-6 col-xl-6 col-xs-12 col-sm-6 col-md-6 col-lg-6 bt_bb_vertical_align_top bt_bb_align_left bt_bb_padding_80\"  data-width=\"6\" data-bt-override-class=\"{&quot;bt_bb_align_&quot;:{&quot;current_class&quot;:&quot;bt_bb_align_left&quot;,&quot;def&quot;:&quot;left&quot;},&quot;bt_bb_padding_&quot;:{&quot;current_class&quot;:&quot;bt_bb_padding_80&quot;,&quot;def&quot;:&quot;80&quot;}}\"><div class=\"bt_bb_column_inner_content\"><div class=\"bt_bb_column_inner_content_inner\"><div data-bb-version=\"4.5.5\"  class=\"bt_bb_text\" ><\/p>\n<h4>Personalised interior design with nature-friendly approach<\/h4>\n<p>Custom-made furniture is unique and timeless.<br \/>\nEstove founder prefers to use recycled wood and scrap wood as materials.<\/p>\n<h3>Get in touch!<\/h3>\n<p><a href=\"https:\/\/estove.ee\/en\/kontakt\/\">WRITE TO US <\/a>or give us a call: <a href=\"tel:+3725259672\">(+372) 52 59 672<\/a><\/p>\n<p>\n<\/div><\/div><\/div><\/div><div data-bb-version=\"4.5.5\"  class=\"bt_bb_column_inner col-xxl-6 col-xl-6 col-xs-12 col-sm-6 col-md-6 col-lg-6 bt_bb_vertical_align_top bt_bb_align_left bt_bb_padding_normal bt_bb_animation_fade_in move_left animate\" style=\"margin-top: 72px;\" data-width=\"6\" data-bt-override-class=\"{&quot;bt_bb_align_&quot;:{&quot;current_class&quot;:&quot;bt_bb_align_left&quot;,&quot;def&quot;:&quot;left&quot;},&quot;bt_bb_padding_&quot;:{&quot;current_class&quot;:&quot;bt_bb_padding_normal&quot;,&quot;def&quot;:&quot;normal&quot;}}\"><div class=\"bt_bb_column_inner_content\"><div class=\"bt_bb_column_inner_content_inner\"><div data-bb-version=\"4.5.6\" id=\"tootegalerii\" class=\"bt_bb_masonry_image_grid bt_bb_grid_container bt_bb_columns_2 bt_bb_gap_normal\" style=\"padding-right: 44px;\" data-columns=\"2\"><div class=\"bt_bb_masonry_post_image_content\" data-columns=\"2\"><div class=\"bt_bb_grid_sizer\"><\/div><div class=\"bt_bb_grid_item bt_bb_tile_format11\" data-hw=\"\" data-src=\"\" data-src-full=\"\" data-title=\"\"><div class=\"bt_bb_grid_item_inner\" data-hw=\"\" ><div class=\"bt_bb_grid_item_inner_image\"><\/div><div class=\"bt_bb_grid_item_inner_content\"><\/div><\/div><\/div><div class=\"bt_bb_grid_item bt_bb_tile_format11\" data-hw=\"\" data-src=\"\" data-src-full=\"\" data-title=\"\"><div class=\"bt_bb_grid_item_inner\" data-hw=\"\" ><div class=\"bt_bb_grid_item_inner_image\"><\/div><div class=\"bt_bb_grid_item_inner_content\"><\/div><\/div><\/div><div class=\"bt_bb_grid_item bt_bb_tile_format11\" data-hw=\"\" data-src=\"\" data-src-full=\"\" data-title=\"\"><div class=\"bt_bb_grid_item_inner\" data-hw=\"\" ><div class=\"bt_bb_grid_item_inner_image\"><\/div><div class=\"bt_bb_grid_item_inner_content\"><\/div><\/div><\/div><div class=\"bt_bb_grid_item bt_bb_tile_format11\" data-hw=\"\" data-src=\"\" data-src-full=\"\" data-title=\"\"><div class=\"bt_bb_grid_item_inner\" data-hw=\"\" ><div class=\"bt_bb_grid_item_inner_image\"><\/div><div class=\"bt_bb_grid_item_inner_content\"><\/div><\/div><\/div><div class=\"bt_bb_grid_item bt_bb_tile_format11\" data-hw=\"\" data-src=\"\" data-src-full=\"\" data-title=\"\"><div class=\"bt_bb_grid_item_inner\" data-hw=\"\" ><div class=\"bt_bb_grid_item_inner_image\"><\/div><div class=\"bt_bb_grid_item_inner_content\"><\/div><\/div><\/div><\/div><\/div><\/div><\/div><\/div><\/div><\/div><div data-bb-version=\"4.5.5\" class=\"bt_bb_row_inner bt_bb_row_width_boxed_1400\" style=\"padding-top: 44px;\"  data-bt-override-class=\"{}\"><div class=\"bt_bb_row_inner_holder\"  ><div data-bb-version=\"4.5.5\" id=\"taaskas\" class=\"bt_bb_column_inner col-xxl-12 col-xl-12 col-xs-12 col-sm-12 col-md-12 col-lg-12 bt_bb_vertical_align_top bt_bb_align_left bt_bb_padding_80\"  data-width=\"12\" data-bt-override-class=\"{&quot;bt_bb_align_&quot;:{&quot;current_class&quot;:&quot;bt_bb_align_left&quot;,&quot;def&quot;:&quot;left&quot;},&quot;bt_bb_padding_&quot;:{&quot;current_class&quot;:&quot;bt_bb_padding_80&quot;,&quot;def&quot;:&quot;80&quot;}}\"><div class=\"bt_bb_column_inner_content\"><div class=\"bt_bb_column_inner_content_inner\"><div data-bb-version=\"4.5.6\"  class=\"bt_bb_text bt_bb_animation_fade_in move_up animate\" ><\/p>\n<h4><\/h4>\n<h4 style=\"text-align: center\">We value recycling<\/h4>\n<p style=\"text-align: center\">The metal used in all products is mostly recycled. Wherever possible, Estove contributes to the health of the world.<br \/>From time to time we will do product demonstrations - at an event, a fair or simply at home - in a backyard kitchen.<br \/>View our <a href=\"https:\/\/estove.ee\/en\/uudised\/\">blog<\/a> and <a href=\"#sotsiaalmeedia\">social media<\/a>.<\/p>\n<p>\n<\/div><\/div><\/div><\/div><\/div><\/div><\/div><\/div><\/div><\/div><\/div><\/div><!-- cell_inner --><\/div><!-- cell --><\/div><!-- port --><\/section><\/p>","protected":false},"excerpt":{"rendered":"","protected":false},"author":1,"featured_media":3865,"parent":4794,"menu_order":0,"comment_status":"closed","ping_status":"closed","template":"","meta":{"inline_featured_image":false,"footnotes":""},"class_list":["post-5283","page","type-page","status-publish","has-post-thumbnail","hentry"],"yoast_head":"<!-- This site is optimized with the Yoast SEO plugin v27.3 - https:\/\/yoast.com\/product\/yoast-seo-wordpress\/ -->\n<title>ESTOVE - \u00d6kom\u00f6\u00f6bel - Eritellimusel valmiv Eesti k\u00e4sit\u00f6\u00f6!<\/title>\n<meta name=\"description\" content=\"Taasakasutatud puidust ja metallist k\u00e4sit\u00f6\u00f6na valmiv \u00f6kom\u00f6\u00f6bel. Isikup\u00e4rased riiulid, lauad, uksed ja erilahendused tellimisel.\" \/>\n<meta name=\"robots\" content=\"index, follow, max-snippet:-1, max-image-preview:large, max-video-preview:-1\" \/>\n<link rel=\"canonical\" href=\"https:\/\/estove.ee\/en\/tooted-ja-teenused\/okomoobel\/\" \/>\n<meta property=\"og:locale\" content=\"en_US\" \/>\n<meta property=\"og:type\" content=\"article\" \/>\n<meta property=\"og:title\" content=\"ESTOVE - \u00d6kom\u00f6\u00f6bel - Eritellimusel valmiv Eesti k\u00e4sit\u00f6\u00f6!\" \/>\n<meta property=\"og:description\" content=\"Taasakasutatud puidust ja metallist k\u00e4sit\u00f6\u00f6na valmiv \u00f6kom\u00f6\u00f6bel. Isikup\u00e4rased riiulid, lauad, uksed ja erilahendused tellimisel.\" \/>\n<meta property=\"og:url\" content=\"https:\/\/estove.ee\/en\/tooted-ja-teenused\/okomoobel\/\" \/>\n<meta property=\"og:site_name\" content=\"ESTOVE O\u00dc\" \/>\n<meta property=\"article:modified_time\" content=\"2026-02-04T10:29:37+00:00\" \/>\n<meta property=\"og:image\" content=\"https:\/\/www.estove.ee\/wp-content\/uploads\/2019\/03\/favicon.png\" \/>\n\t<meta property=\"og:image:width\" content=\"512\" \/>\n\t<meta property=\"og:image:height\" content=\"512\" \/>\n\t<meta property=\"og:image:type\" content=\"image\/png\" \/>\n<meta name=\"twitter:card\" content=\"summary_large_image\" \/>\n<meta name=\"twitter:label1\" content=\"Est. reading time\" \/>\n\t<meta name=\"twitter:data1\" content=\"2 minutes\" \/>\n<script type=\"application\/ld+json\" class=\"yoast-schema-graph\">{\"@context\":\"https:\\\/\\\/schema.org\",\"@graph\":[{\"@type\":\"WebPage\",\"@id\":\"https:\\\/\\\/estove.ee\\\/tooted-ja-teenused\\\/okomoobel\\\/\",\"url\":\"https:\\\/\\\/estove.ee\\\/tooted-ja-teenused\\\/okomoobel\\\/\",\"name\":\"ESTOVE - \u00d6kom\u00f6\u00f6bel - Eritellimusel valmiv Eesti k\u00e4sit\u00f6\u00f6!\",\"isPartOf\":{\"@id\":\"https:\\\/\\\/estove.ee\\\/#website\"},\"primaryImageOfPage\":{\"@id\":\"https:\\\/\\\/estove.ee\\\/tooted-ja-teenused\\\/okomoobel\\\/#primaryimage\"},\"image\":{\"@id\":\"https:\\\/\\\/estove.ee\\\/tooted-ja-teenused\\\/okomoobel\\\/#primaryimage\"},\"thumbnailUrl\":\"https:\\\/\\\/estove.ee\\\/wp-content\\\/uploads\\\/2019\\\/03\\\/favicon.png\",\"datePublished\":\"2023-07-11T11:41:58+00:00\",\"dateModified\":\"2026-02-04T10:29:37+00:00\",\"description\":\"Taasakasutatud puidust ja metallist k\u00e4sit\u00f6\u00f6na valmiv \u00f6kom\u00f6\u00f6bel. Isikup\u00e4rased riiulid, lauad, uksed ja erilahendused tellimisel.\",\"breadcrumb\":{\"@id\":\"https:\\\/\\\/estove.ee\\\/tooted-ja-teenused\\\/okomoobel\\\/#breadcrumb\"},\"inLanguage\":\"en-US\",\"potentialAction\":[{\"@type\":\"ReadAction\",\"target\":[\"https:\\\/\\\/estove.ee\\\/tooted-ja-teenused\\\/okomoobel\\\/\"]}]},{\"@type\":\"ImageObject\",\"inLanguage\":\"en-US\",\"@id\":\"https:\\\/\\\/estove.ee\\\/tooted-ja-teenused\\\/okomoobel\\\/#primaryimage\",\"url\":\"https:\\\/\\\/estove.ee\\\/wp-content\\\/uploads\\\/2019\\\/03\\\/favicon.png\",\"contentUrl\":\"https:\\\/\\\/estove.ee\\\/wp-content\\\/uploads\\\/2019\\\/03\\\/favicon.png\",\"width\":512,\"height\":512},{\"@type\":\"BreadcrumbList\",\"@id\":\"https:\\\/\\\/estove.ee\\\/tooted-ja-teenused\\\/okomoobel\\\/#breadcrumb\",\"itemListElement\":[{\"@type\":\"ListItem\",\"position\":1,\"name\":\"Home\",\"item\":\"https:\\\/\\\/estove.ee\\\/\"},{\"@type\":\"ListItem\",\"position\":2,\"name\":\"Tooted ja teenused\",\"item\":\"https:\\\/\\\/estove.ee\\\/tooted-ja-teenused\\\/\"},{\"@type\":\"ListItem\",\"position\":3,\"name\":\"\u00d6kom\u00f6\u00f6bel\"}]},{\"@type\":\"WebSite\",\"@id\":\"https:\\\/\\\/estove.ee\\\/#website\",\"url\":\"https:\\\/\\\/estove.ee\\\/\",\"name\":\"ESTOVE O\u00dc\",\"description\":\"K\u00e4sit\u00f6\u00f6na valmistatud suitsuahjud, pitsaahjud, suitsusauna kerised ja teised tulekolded\",\"potentialAction\":[{\"@type\":\"SearchAction\",\"target\":{\"@type\":\"EntryPoint\",\"urlTemplate\":\"https:\\\/\\\/estove.ee\\\/?s={search_term_string}\"},\"query-input\":{\"@type\":\"PropertyValueSpecification\",\"valueRequired\":true,\"valueName\":\"search_term_string\"}}],\"inLanguage\":\"en-US\"}]}<\/script>\n<!-- \/ Yoast SEO plugin. -->","yoast_head_json":{"title":"ESTOVE - \u00d6kom\u00f6\u00f6bel - Eritellimusel valmiv Eesti k\u00e4sit\u00f6\u00f6!","description":"Taasakasutatud puidust ja metallist k\u00e4sit\u00f6\u00f6na valmiv \u00f6kom\u00f6\u00f6bel. Isikup\u00e4rased riiulid, lauad, uksed ja erilahendused tellimisel.","robots":{"index":"index","follow":"follow","max-snippet":"max-snippet:-1","max-image-preview":"max-image-preview:large","max-video-preview":"max-video-preview:-1"},"canonical":"https:\/\/estove.ee\/en\/tooted-ja-teenused\/okomoobel\/","og_locale":"en_US","og_type":"article","og_title":"ESTOVE - \u00d6kom\u00f6\u00f6bel - Eritellimusel valmiv Eesti k\u00e4sit\u00f6\u00f6!","og_description":"Taasakasutatud puidust ja metallist k\u00e4sit\u00f6\u00f6na valmiv \u00f6kom\u00f6\u00f6bel. Isikup\u00e4rased riiulid, lauad, uksed ja erilahendused tellimisel.","og_url":"https:\/\/estove.ee\/en\/tooted-ja-teenused\/okomoobel\/","og_site_name":"ESTOVE O\u00dc","article_modified_time":"2026-02-04T10:29:37+00:00","og_image":[{"width":512,"height":512,"url":"https:\/\/www.estove.ee\/wp-content\/uploads\/2019\/03\/favicon.png","type":"image\/png"}],"twitter_card":"summary_large_image","twitter_misc":{"Est. reading time":"2 minutes"},"schema":{"@context":"https:\/\/schema.org","@graph":[{"@type":"WebPage","@id":"https:\/\/estove.ee\/tooted-ja-teenused\/okomoobel\/","url":"https:\/\/estove.ee\/tooted-ja-teenused\/okomoobel\/","name":"ESTOVE - \u00d6kom\u00f6\u00f6bel - Eritellimusel valmiv Eesti k\u00e4sit\u00f6\u00f6!","isPartOf":{"@id":"https:\/\/estove.ee\/#website"},"primaryImageOfPage":{"@id":"https:\/\/estove.ee\/tooted-ja-teenused\/okomoobel\/#primaryimage"},"image":{"@id":"https:\/\/estove.ee\/tooted-ja-teenused\/okomoobel\/#primaryimage"},"thumbnailUrl":"https:\/\/estove.ee\/wp-content\/uploads\/2019\/03\/favicon.png","datePublished":"2023-07-11T11:41:58+00:00","dateModified":"2026-02-04T10:29:37+00:00","description":"Taasakasutatud puidust ja metallist k\u00e4sit\u00f6\u00f6na valmiv \u00f6kom\u00f6\u00f6bel. Isikup\u00e4rased riiulid, lauad, uksed ja erilahendused tellimisel.","breadcrumb":{"@id":"https:\/\/estove.ee\/tooted-ja-teenused\/okomoobel\/#breadcrumb"},"inLanguage":"en-US","potentialAction":[{"@type":"ReadAction","target":["https:\/\/estove.ee\/tooted-ja-teenused\/okomoobel\/"]}]},{"@type":"ImageObject","inLanguage":"en-US","@id":"https:\/\/estove.ee\/tooted-ja-teenused\/okomoobel\/#primaryimage","url":"https:\/\/estove.ee\/wp-content\/uploads\/2019\/03\/favicon.png","contentUrl":"https:\/\/estove.ee\/wp-content\/uploads\/2019\/03\/favicon.png","width":512,"height":512},{"@type":"BreadcrumbList","@id":"https:\/\/estove.ee\/tooted-ja-teenused\/okomoobel\/#breadcrumb","itemListElement":[{"@type":"ListItem","position":1,"name":"Home","item":"https:\/\/estove.ee\/"},{"@type":"ListItem","position":2,"name":"Tooted ja teenused","item":"https:\/\/estove.ee\/tooted-ja-teenused\/"},{"@type":"ListItem","position":3,"name":"\u00d6kom\u00f6\u00f6bel"}]},{"@type":"WebSite","@id":"https:\/\/estove.ee\/#website","url":"https:\/\/estove.ee\/","name":"ESTOVE O\u00dc","description":"K\u00e4sit\u00f6\u00f6na valmistatud suitsuahjud, pitsaahjud, suitsusauna kerised ja teised tulekolded","potentialAction":[{"@type":"SearchAction","target":{"@type":"EntryPoint","urlTemplate":"https:\/\/estove.ee\/?s={search_term_string}"},"query-input":{"@type":"PropertyValueSpecification","valueRequired":true,"valueName":"search_term_string"}}],"inLanguage":"en-US"}]}},"_links":{"self":[{"href":"http:\/\/estove.ee\/en\/wp-json\/wp\/v2\/pages\/5283","targetHints":{"allow":["GET"]}}],"collection":[{"href":"http:\/\/estove.ee\/en\/wp-json\/wp\/v2\/pages"}],"about":[{"href":"http:\/\/estove.ee\/en\/wp-json\/wp\/v2\/types\/page"}],"author":[{"embeddable":true,"href":"http:\/\/estove.ee\/en\/wp-json\/wp\/v2\/users\/1"}],"replies":[{"embeddable":true,"href":"http:\/\/estove.ee\/en\/wp-json\/wp\/v2\/comments?post=5283"}],"version-history":[{"count":1,"href":"http:\/\/estove.ee\/en\/wp-json\/wp\/v2\/pages\/5283\/revisions"}],"predecessor-version":[{"id":6015,"href":"http:\/\/estove.ee\/en\/wp-json\/wp\/v2\/pages\/5283\/revisions\/6015"}],"up":[{"embeddable":true,"href":"http:\/\/estove.ee\/en\/wp-json\/wp\/v2\/pages\/4794"}],"wp:featuredmedia":[{"embeddable":true,"href":"http:\/\/estove.ee\/en\/wp-json\/wp\/v2\/media\/3865"}],"wp:attachment":[{"href":"http:\/\/estove.ee\/en\/wp-json\/wp\/v2\/media?parent=5283"}],"curies":[{"name":"wp","href":"https:\/\/api.w.org\/{rel}","templated":true}]}}