{"id":5251,"date":"2023-07-10T20:33:45","date_gmt":"2023-07-10T20:33:45","guid":{"rendered":"https:\/\/estove.ee\/?page_id=5251"},"modified":"2026-02-04T12:30:42","modified_gmt":"2026-02-04T10:30:42","slug":"sunnilugu","status":"publish","type":"page","link":"https:\/\/estove.ee\/en\/sunnilugu\/","title":{"rendered":"Biography"},"content":{"rendered":"<p><section data-bb-version=\"4.9.1\" id=\"bt_bb_section69e78b35ae215\" class=\"bt_bb_section bt_bb_color_scheme_1 bt_bb_layout_boxed_1000 bt_bb_vertical_align_top bt_bb_top_spacing_extra_large bt_bb_bottom_spacing_extra_large\" style=\"; --section-primary-color:#ffffff; --section-secondary-color:#111112;;background-color:#2c5f94;\" data-bt-override-class=\"{&quot;bt_bb_top_spacing_&quot;:{&quot;current_class&quot;:&quot;bt_bb_top_spacing_extra_large&quot;,&quot;def&quot;:&quot;extra_large&quot;},&quot;bt_bb_bottom_spacing_&quot;:{&quot;current_class&quot;:&quot;bt_bb_bottom_spacing_extra_large&quot;,&quot;def&quot;:&quot;extra_large&quot;}}\"><div class=\"bt_bb_background_image_holder_wrapper\"><div class=\"bt_bb_background_image_holder\"  data-parallax-zoom-start=\"1\" data-parallax-zoom-end=\"1\" data-parallax-blur-start=\"0\" data-parallax-blur-end=\"0\" data-parallax-opacity-start=\"1\" data-parallax-opacity-end=\"1\" style=\" background-image:url(&#039;https:\/\/www.estove.ee\/wp-content\/uploads\/2024\/05\/estove.webp&#039;);\"><\/div><\/div><div class=\"bt_bb_port\"><div class=\"bt_bb_cell\"><div class=\"bt_bb_cell_inner\"><div class=\"bt_bb_row\"  data-bt-override-class=\"{}\"><div class=\"bt_bb_row_holder\" ><div  class=\"bt_bb_column col-xxl-12 col-xl-12 bt_bb_vertical_align_top bt_bb_align_center bt_bb_padding_normal bt_bb_animation_fade_in animate\" style=\"; --column-width:12;\" data-width=\"12\" data-bt-override-class=\"{}\"><div class=\"bt_bb_column_content\"><div class=\"bt_bb_column_content_inner\"><header data-bb-version=\"4.9.1\" class=\"bt_bb_headline bt_bb_font_weight_bold bt_bb_color_scheme_1 bt_bb_dash_none bt_bb_size_normal bt_bb_subheadline bt_bb_align_inherit\" style=\"; --headline-primary-color:#ffffff; --headline-secondary-color:#111112;\" data-bt-override-class=\"{&quot;bt_bb_size_&quot;:{&quot;current_class&quot;:&quot;bt_bb_size_normal&quot;,&quot;def&quot;:&quot;normal&quot;},&quot;bt_bb_align_&quot;:{&quot;current_class&quot;:&quot;bt_bb_align_inherit&quot;,&quot;def&quot;:&quot;inherit&quot;}}\"><h1 class=\"bt_bb_headline_tag\"><span class=\"bt_bb_headline_content\"><span >Biography<\/span><\/span><\/h1><div class=\"bt_bb_headline_subheadline\" style=\"color: rgb(255,255,255);\">Founded in 2020, the company is backed by a master craftsman with 20 years of experience.<br \/><br \/>\nPizza ovens, smoke ovens, eco-furniture, smoke sauna stoves, eco-furniture, metalwork and other special solutions - handmade in Estonia.<\/div><\/header><div class=\"bt_bb_separator bt_bb_border_style_none bt_bb_bottom_spacing_normal\" data-bt-override-class=\"null\"><\/div><\/div><\/div><\/div><\/div><\/div><\/div><!-- cell_inner --><\/div><!-- cell --><\/div><!-- port --><\/section><section data-bb-version=\"4.5.5\" id=\"bt_bb_section69e78b35ae43e\" class=\"bt_bb_section bt_bb_layout_wide bt_bb_vertical_align_top bt_bb_top_spacing_ bt_bb_bottom_spacing_\" style=\";background-color:rgb(255,255,255);\" data-bt-override-class=\"{&quot;bt_bb_top_spacing_&quot;:{&quot;current_class&quot;:&quot;bt_bb_top_spacing_&quot;,&quot;def&quot;:&quot;&quot;},&quot;bt_bb_bottom_spacing_&quot;:{&quot;current_class&quot;:&quot;bt_bb_bottom_spacing_&quot;,&quot;def&quot;:&quot;&quot;}}\"><div class=\"bt_bb_port\"><div class=\"bt_bb_cell\"><div class=\"bt_bb_cell_inner\"><div data-bb-version=\"4.5.5\" class=\"bt_bb_row\" style=\"margin-bottom: 44px;\" data-bt-override-class=\"{}\"><div class=\"bt_bb_row_holder\" ><div data-bb-version=\"4.5.5\"  class=\"bt_bb_column col-xxl-12 col-xl-12 col-xs-12 col-sm-12 col-md-12 col-lg-12 midrowtext bt_bb_vertical_align_top bt_bb_align_left bt_bb_padding_normal bt_bb_animation_fade_in move_up animate\" style=\"; --column-width:12;\" data-width=\"12\" data-bt-override-class=\"{&quot;bt_bb_align_&quot;:{&quot;current_class&quot;:&quot;bt_bb_align_left&quot;,&quot;def&quot;:&quot;left&quot;},&quot;bt_bb_padding_&quot;:{&quot;current_class&quot;:&quot;bt_bb_padding_normal&quot;,&quot;def&quot;:&quot;normal&quot;}}\"><div class=\"bt_bb_column_content\"><div class=\"bt_bb_column_content_inner\"><div data-bb-version=\"4.5.6\" class=\"bt_bb_row_inner bt_bb_row_width_boxed_1400\" style=\"margin-top: 22px; margin-bottom: 72px; \"  data-bt-override-class=\"{}\"><div class=\"bt_bb_row_inner_holder\"  ><div data-bb-version=\"4.5.6\" id=\"lihttekst\" class=\"bt_bb_column_inner col-xxl-12 col-xl-12 col-xs-12 col-sm-12 col-md-12 col-lg-12 bt_bb_vertical_align_top bt_bb_align_left bt_bb_padding_normal\"  data-width=\"12\" data-bt-override-class=\"{&quot;bt_bb_align_&quot;:{&quot;current_class&quot;:&quot;bt_bb_align_left&quot;,&quot;def&quot;:&quot;left&quot;},&quot;bt_bb_padding_&quot;:{&quot;current_class&quot;:&quot;bt_bb_padding_normal&quot;,&quot;def&quot;:&quot;normal&quot;}}\"><div class=\"bt_bb_column_inner_content\"><div class=\"bt_bb_column_inner_content_inner\"><div data-bb-version=\"4.5.6\"  class=\"bt_bb_text bt_bb_animation_fade_in move_up animate\" ><\/p>\n<h2>A word from Ragnar<\/h2>\n<p>The company first appeared on the commercial register at the end of June 2020. It wasn't exactly the best time to set up a company, but for various reasons, that's when the company was founded. Ragnar Anijalg, a former potter, needed a change in his life a long time ago. And it was also clear that going it alone would not get you very far.<\/p>\n<p>For years before, the idea of producing something at home started to haunt my mind. But there was no room. One summer, my first microscale workshop was made. At that time, my young home needed some basic furniture items, and being an \"eco-crazy\" old house with lots of good material, I naturally had to put it all into a new cycle, and at the same time I had some beautiful product images to show. This activity filled the spirit well and new ideas came up. It was remembered as the era of eco-furniture.<\/p>\n<p>I finally came to the realization that it would be a shame to throw away about 15+ years of potting experience and that you have to be able to do something with that experience at home. By the coincidence of various introductions and circumstances I came to the creation of a semi-modular smoke sauna stove. Compliments to Gunn (Gunnar Paalman) where the ball started rolling! And this stove became Estove\u00b4s <a href=\"https:\/\/estove.ee\/en\/tooted-ja-teenused\/suitsusauna-keris-ja-plokid-valikere-jaoks\/\">first real product<\/a>. Soon it became clear that the smoke sauna is still a rather narrow sector and new things still need to be figured out.  Then I got my mind into the world of barbecues, where there are also smaller products that are realistic to make and move in a smaller workshop. Then the mini <a href=\"https:\/\/estove.ee\/en\/pizzaahi\/\">Pizza oven<\/a>\u00a0or something like that - ceramic grill, called\u00a0<a href=\"https:\/\/estove.ee\/en\/ufo\/\">UFO<\/a>\u00a0ning peale seda ka\u00a0<a href=\"https:\/\/estove.ee\/en\/pizzaahi\/\">Pizza oven<\/a> on wheels.<\/p>\n<p>\n<\/div><\/div><\/div><\/div><\/div><\/div><div data-bb-version=\"4.5.5\" class=\"bt_bb_row_inner bt_bb_row_width_boxed_1400\" style=\"padding-top: 44px;\"  data-bt-override-class=\"{}\"><div class=\"bt_bb_row_inner_holder\"  ><div data-bb-version=\"4.5.5\" id=\"taaskas\" class=\"bt_bb_column_inner col-xxl-12 col-xl-12 col-xs-12 col-sm-12 col-md-12 col-lg-12 bt_bb_vertical_align_top bt_bb_align_left bt_bb_padding_80\"  data-width=\"12\" data-bt-override-class=\"{&quot;bt_bb_align_&quot;:{&quot;current_class&quot;:&quot;bt_bb_align_left&quot;,&quot;def&quot;:&quot;left&quot;},&quot;bt_bb_padding_&quot;:{&quot;current_class&quot;:&quot;bt_bb_padding_80&quot;,&quot;def&quot;:&quot;80&quot;}}\"><div class=\"bt_bb_column_inner_content\"><div class=\"bt_bb_column_inner_content_inner\"><div data-bb-version=\"4.5.6\"  class=\"bt_bb_text bt_bb_animation_fade_in move_up animate\" ><\/p>\n<h4><\/h4>\n<h4 style=\"text-align: center\">We value recycling<\/h4>\n<p style=\"text-align: center\">The metal used in all products is mostly recycled. Wherever possible, Estove contributes to the health of the world.<br \/>From time to time we will do product demonstrations - at an event, a fair or simply at home - in a backyard kitchen.<br \/>Ole kursis ja j\u00e4lgi Estove\u2019i <a href=\"https:\/\/estove.ee\/en\/uudised\/\">blog<\/a> v\u00f5i <a href=\"#sotsiaalmeedia\">social media<\/a>.<\/p>\n<p>\n<\/div><\/div><\/div><\/div><\/div><\/div><div data-bb-version=\"4.5.5\" id=\"pgeftmnu\" class=\"bt_bb_custom_menu bt_bb_direction_vertical bt_bb_animation_fade_in move_up animate bt_bb_orientation_horizontal\" style=\"text-align: center; padding: 30px 30px 0 30px; margin: 0 auto;\"><div class=\"menu-pages-menu-container\"><ul id=\"menu-pages-menu\" class=\"menu\"><li id=\"menu-item-3732\" class=\"menu-item menu-item-type-post_type menu-item-object-page menu-item-home menu-item-3732\"><a href=\"https:\/\/estove.ee\/en\/\">Home<\/a><\/li>\n<li id=\"menu-item-5763\" class=\"menu-item menu-item-type-post_type menu-item-object-page menu-item-5763\"><a href=\"https:\/\/estove.ee\/en\/tooted-ja-teenused\/pitsaahi\/\">Pizza oven<\/a><\/li>\n<li id=\"menu-item-5768\" class=\"menu-item menu-item-type-post_type menu-item-object-page menu-item-5768\"><a href=\"https:\/\/estove.ee\/en\/tooted-ja-teenused\/suitsuahi\/\">Smoke oven<\/a><\/li>\n<li id=\"menu-item-5764\" class=\"menu-item menu-item-type-post_type menu-item-object-page menu-item-5764\"><a href=\"https:\/\/estove.ee\/en\/tooted-ja-teenused\/pizza-ja-suitsuahi-kombokas\/\">Pizza and smoke oven \"Kombokas\"<\/a><\/li>\n<li id=\"menu-item-5778\" class=\"menu-item menu-item-type-post_type menu-item-object-page menu-item-5778\"><a href=\"https:\/\/estove.ee\/en\/?page_id=5273\">Ceramic grill \"UFO\"<\/a><\/li>\n<li id=\"menu-item-5765\" class=\"menu-item menu-item-type-post_type menu-item-object-page menu-item-5765\"><a href=\"https:\/\/estove.ee\/en\/tooted-ja-teenused\/suitsusauna-keris\/\">Smoke sauna stove<\/a><\/li>\n<li id=\"menu-item-5782\" class=\"menu-item menu-item-type-post_type menu-item-object-page menu-item-5782\"><a href=\"https:\/\/estove.ee\/en\/tooted-ja-teenused\/moodne-suitsusauna-keris\/\">Modern smoke sauna stove<\/a><\/li>\n<li id=\"menu-item-5767\" class=\"menu-item menu-item-type-post_type menu-item-object-page menu-item-5767\"><a href=\"https:\/\/estove.ee\/en\/tooted-ja-teenused\/okomoobel\/\">Ecofriendly furniture<\/a><\/li>\n<li id=\"menu-item-5766\" class=\"menu-item menu-item-type-post_type menu-item-object-page menu-item-5766\"><a href=\"https:\/\/estove.ee\/en\/tooted-ja-teenused\/metallitood\/\">Metalworks<\/a><\/li>\n<li id=\"menu-item-5779\" class=\"menu-item menu-item-type-post_type menu-item-object-page menu-item-5779\"><a href=\"https:\/\/estove.ee\/en\/tooted-ja-teenused\/muud-teenused\/\">Muud teenused<\/a><\/li>\n<\/ul><\/div><\/div><\/div><\/div><\/div><\/div><\/div><\/div><!-- cell_inner --><\/div><!-- cell --><\/div><!-- port --><\/section><\/p>","protected":false},"excerpt":{"rendered":"","protected":false},"author":1,"featured_media":0,"parent":0,"menu_order":0,"comment_status":"closed","ping_status":"closed","template":"","meta":{"inline_featured_image":false,"footnotes":""},"class_list":["post-5251","page","type-page","status-publish","hentry"],"yoast_head":"<!-- This site is optimized with the Yoast SEO plugin v27.4 - https:\/\/yoast.com\/product\/yoast-seo-wordpress\/ -->\n<title>S\u00fcnnilugu \u2013 meie teekond &amp; k\u00e4sit\u00f6\u00f6 | ESTOVE<\/title>\n<meta name=\"description\" content=\"ESTOVE s\u00fcnnilugu: 20-aastase kogemusega meistri teekond k\u00e4sit\u00f6\u00f6ni. Pitsaahjud, suitsuahjud, kerised ja erilahendused taaskasutust v\u00e4\u00e4rtustades.\" \/>\n<meta name=\"robots\" content=\"index, follow, max-snippet:-1, max-image-preview:large, max-video-preview:-1\" \/>\n<link rel=\"canonical\" href=\"https:\/\/www.estove.ee\/sunnilugu\/\" \/>\n<meta property=\"og:locale\" content=\"en_US\" \/>\n<meta property=\"og:type\" content=\"article\" \/>\n<meta property=\"og:title\" content=\"S\u00fcnnilugu \u2013 meie teekond &amp; k\u00e4sit\u00f6\u00f6 | ESTOVE\" \/>\n<meta property=\"og:description\" content=\"ESTOVE s\u00fcnnilugu: 20-aastase kogemusega meistri teekond k\u00e4sit\u00f6\u00f6ni. Pitsaahjud, suitsuahjud, kerised ja erilahendused taaskasutust v\u00e4\u00e4rtustades.\" \/>\n<meta property=\"og:url\" content=\"https:\/\/www.estove.ee\/sunnilugu\/\" \/>\n<meta property=\"og:site_name\" content=\"ESTOVE O\u00dc\" \/>\n<meta property=\"article:modified_time\" content=\"2026-02-04T10:30:42+00:00\" \/>\n<meta name=\"twitter:card\" content=\"summary_large_image\" \/>\n<meta name=\"twitter:label1\" content=\"Est. reading time\" \/>\n\t<meta name=\"twitter:data1\" content=\"2 minutes\" \/>\n<script type=\"application\/ld+json\" class=\"yoast-schema-graph\">{\"@context\":\"https:\\\/\\\/schema.org\",\"@graph\":[{\"@type\":\"WebPage\",\"@id\":\"https:\\\/\\\/www.estove.ee\\\/sunnilugu\\\/\",\"url\":\"https:\\\/\\\/www.estove.ee\\\/sunnilugu\\\/\",\"name\":\"S\u00fcnnilugu \u2013 meie teekond & k\u00e4sit\u00f6\u00f6 | ESTOVE\",\"isPartOf\":{\"@id\":\"http:\\\/\\\/www.estove.ee\\\/en\\\/#website\"},\"datePublished\":\"2023-07-10T20:33:45+00:00\",\"dateModified\":\"2026-02-04T10:30:42+00:00\",\"description\":\"ESTOVE s\u00fcnnilugu: 20-aastase kogemusega meistri teekond k\u00e4sit\u00f6\u00f6ni. Pitsaahjud, suitsuahjud, kerised ja erilahendused taaskasutust v\u00e4\u00e4rtustades.\",\"breadcrumb\":{\"@id\":\"https:\\\/\\\/www.estove.ee\\\/sunnilugu\\\/#breadcrumb\"},\"inLanguage\":\"en-US\",\"potentialAction\":[{\"@type\":\"ReadAction\",\"target\":[\"https:\\\/\\\/www.estove.ee\\\/sunnilugu\\\/\"]}]},{\"@type\":\"BreadcrumbList\",\"@id\":\"https:\\\/\\\/www.estove.ee\\\/sunnilugu\\\/#breadcrumb\",\"itemListElement\":[{\"@type\":\"ListItem\",\"position\":1,\"name\":\"Home\",\"item\":\"http:\\\/\\\/www.estove.ee\\\/en\\\/\"},{\"@type\":\"ListItem\",\"position\":2,\"name\":\"S\u00fcnnilugu\"}]},{\"@type\":\"WebSite\",\"@id\":\"http:\\\/\\\/www.estove.ee\\\/en\\\/#website\",\"url\":\"http:\\\/\\\/www.estove.ee\\\/en\\\/\",\"name\":\"ESTOVE O\u00dc\",\"description\":\"K\u00e4sit\u00f6\u00f6na valmistatud suitsuahjud, pitsaahjud, suitsusauna kerised ja teised tulekolded\",\"potentialAction\":[{\"@type\":\"SearchAction\",\"target\":{\"@type\":\"EntryPoint\",\"urlTemplate\":\"http:\\\/\\\/www.estove.ee\\\/en\\\/?s={search_term_string}\"},\"query-input\":{\"@type\":\"PropertyValueSpecification\",\"valueRequired\":true,\"valueName\":\"search_term_string\"}}],\"inLanguage\":\"en-US\"}]}<\/script>\n<!-- \/ Yoast SEO plugin. -->","yoast_head_json":{"title":"S\u00fcnnilugu \u2013 meie teekond & k\u00e4sit\u00f6\u00f6 | ESTOVE","description":"ESTOVE s\u00fcnnilugu: 20-aastase kogemusega meistri teekond k\u00e4sit\u00f6\u00f6ni. Pitsaahjud, suitsuahjud, kerised ja erilahendused taaskasutust v\u00e4\u00e4rtustades.","robots":{"index":"index","follow":"follow","max-snippet":"max-snippet:-1","max-image-preview":"max-image-preview:large","max-video-preview":"max-video-preview:-1"},"canonical":"https:\/\/www.estove.ee\/sunnilugu\/","og_locale":"en_US","og_type":"article","og_title":"S\u00fcnnilugu \u2013 meie teekond & k\u00e4sit\u00f6\u00f6 | ESTOVE","og_description":"ESTOVE s\u00fcnnilugu: 20-aastase kogemusega meistri teekond k\u00e4sit\u00f6\u00f6ni. Pitsaahjud, suitsuahjud, kerised ja erilahendused taaskasutust v\u00e4\u00e4rtustades.","og_url":"https:\/\/www.estove.ee\/sunnilugu\/","og_site_name":"ESTOVE O\u00dc","article_modified_time":"2026-02-04T10:30:42+00:00","twitter_card":"summary_large_image","twitter_misc":{"Est. reading time":"2 minutes"},"schema":{"@context":"https:\/\/schema.org","@graph":[{"@type":"WebPage","@id":"https:\/\/www.estove.ee\/sunnilugu\/","url":"https:\/\/www.estove.ee\/sunnilugu\/","name":"S\u00fcnnilugu \u2013 meie teekond & k\u00e4sit\u00f6\u00f6 | ESTOVE","isPartOf":{"@id":"http:\/\/www.estove.ee\/en\/#website"},"datePublished":"2023-07-10T20:33:45+00:00","dateModified":"2026-02-04T10:30:42+00:00","description":"ESTOVE s\u00fcnnilugu: 20-aastase kogemusega meistri teekond k\u00e4sit\u00f6\u00f6ni. Pitsaahjud, suitsuahjud, kerised ja erilahendused taaskasutust v\u00e4\u00e4rtustades.","breadcrumb":{"@id":"https:\/\/www.estove.ee\/sunnilugu\/#breadcrumb"},"inLanguage":"en-US","potentialAction":[{"@type":"ReadAction","target":["https:\/\/www.estove.ee\/sunnilugu\/"]}]},{"@type":"BreadcrumbList","@id":"https:\/\/www.estove.ee\/sunnilugu\/#breadcrumb","itemListElement":[{"@type":"ListItem","position":1,"name":"Home","item":"http:\/\/www.estove.ee\/en\/"},{"@type":"ListItem","position":2,"name":"S\u00fcnnilugu"}]},{"@type":"WebSite","@id":"http:\/\/www.estove.ee\/en\/#website","url":"http:\/\/www.estove.ee\/en\/","name":"ESTOVE O\u00dc","description":"K\u00e4sit\u00f6\u00f6na valmistatud suitsuahjud, pitsaahjud, suitsusauna kerised ja teised tulekolded","potentialAction":[{"@type":"SearchAction","target":{"@type":"EntryPoint","urlTemplate":"http:\/\/www.estove.ee\/en\/?s={search_term_string}"},"query-input":{"@type":"PropertyValueSpecification","valueRequired":true,"valueName":"search_term_string"}}],"inLanguage":"en-US"}]}},"_links":{"self":[{"href":"https:\/\/estove.ee\/en\/wp-json\/wp\/v2\/pages\/5251","targetHints":{"allow":["GET"]}}],"collection":[{"href":"https:\/\/estove.ee\/en\/wp-json\/wp\/v2\/pages"}],"about":[{"href":"https:\/\/estove.ee\/en\/wp-json\/wp\/v2\/types\/page"}],"author":[{"embeddable":true,"href":"https:\/\/estove.ee\/en\/wp-json\/wp\/v2\/users\/1"}],"replies":[{"embeddable":true,"href":"https:\/\/estove.ee\/en\/wp-json\/wp\/v2\/comments?post=5251"}],"version-history":[{"count":1,"href":"https:\/\/estove.ee\/en\/wp-json\/wp\/v2\/pages\/5251\/revisions"}],"predecessor-version":[{"id":6026,"href":"https:\/\/estove.ee\/en\/wp-json\/wp\/v2\/pages\/5251\/revisions\/6026"}],"wp:attachment":[{"href":"https:\/\/estove.ee\/en\/wp-json\/wp\/v2\/media?parent=5251"}],"curies":[{"name":"wp","href":"https:\/\/api.w.org\/{rel}","templated":true}]}}