{"id":5278,"date":"2023-07-11T11:32:59","date_gmt":"2023-07-11T11:32:59","guid":{"rendered":"https:\/\/estove.ee\/?page_id=5278"},"modified":"2025-01-31T11:26:41","modified_gmt":"2025-01-31T09:26:41","slug":"suitsuahi","status":"publish","type":"page","link":"https:\/\/estove.ee\/en\/tooted-ja-teenused\/suitsuahi\/","title":{"rendered":"Smoke oven"},"content":{"rendered":"<p><section data-bb-version=\"4.9.1\" id=\"bt_bb_section69e78b41cfd6d\" class=\"bt_bb_section bt_bb_color_scheme_1 bt_bb_layout_boxed_1000 bt_bb_vertical_align_top bt_bb_top_spacing_extra_large bt_bb_bottom_spacing_extra_large\" style=\"; --section-primary-color:#ffffff; --section-secondary-color:#111112;;background-color:#2c5f94;\" data-bt-override-class=\"{&quot;bt_bb_top_spacing_&quot;:{&quot;current_class&quot;:&quot;bt_bb_top_spacing_extra_large&quot;,&quot;def&quot;:&quot;extra_large&quot;},&quot;bt_bb_bottom_spacing_&quot;:{&quot;current_class&quot;:&quot;bt_bb_bottom_spacing_extra_large&quot;,&quot;def&quot;:&quot;extra_large&quot;}}\"><div class=\"bt_bb_background_image_holder_wrapper\"><div class=\"bt_bb_background_image_holder bt_bb_parallax\"  data-parallax=\"0.7\" data-parallax-offset=\"0\" data-parallax-zoom-start=\"1\" data-parallax-zoom-end=\"1\" data-parallax-blur-start=\"0\" data-parallax-blur-end=\"0\" data-parallax-opacity-start=\"1\" data-parallax-opacity-end=\"1\" style=\" background-image:url(&#039;https:\/\/estove.ee\/wp-content\/uploads\/2024\/05\/estove_suitsuahi_bg-1280x640-1.webp&#039;);\"><\/div><\/div><div class=\"bt_bb_port\"><div class=\"bt_bb_cell\"><div class=\"bt_bb_cell_inner\"><div class=\"bt_bb_row\"  data-bt-override-class=\"{}\"><div class=\"bt_bb_row_holder\" ><div  class=\"bt_bb_column col-xxl-12 col-xl-12 bt_bb_vertical_align_top bt_bb_align_center bt_bb_padding_normal bt_bb_animation_fade_in animate\" style=\"; --column-width:12;\" data-width=\"12\" data-bt-override-class=\"{}\"><div class=\"bt_bb_column_content\"><div class=\"bt_bb_column_content_inner\"><header data-bb-version=\"4.9.1\" class=\"bt_bb_headline bt_bb_font_weight_bold bt_bb_color_scheme_1 bt_bb_dash_none bt_bb_size_normal bt_bb_subheadline bt_bb_align_inherit\" style=\"; --headline-primary-color:#ffffff; --headline-secondary-color:#111112;\" data-bt-override-class=\"{&quot;bt_bb_size_&quot;:{&quot;current_class&quot;:&quot;bt_bb_size_normal&quot;,&quot;def&quot;:&quot;normal&quot;},&quot;bt_bb_align_&quot;:{&quot;current_class&quot;:&quot;bt_bb_align_inherit&quot;,&quot;def&quot;:&quot;inherit&quot;}}\"><h1 class=\"bt_bb_headline_tag\"><span class=\"bt_bb_headline_content\"><span >Suitsuahi ``Suitsukas``<\/span><\/span><\/h1><div class=\"bt_bb_headline_subheadline\" style=\"color: rgb(255,255,255);\">The double-layered body of the smoke oven ensures a more neutral external temperature and a stable internal temperature.<br \/><br \/>\nA low-wood-taking smoker is suitable for home and for the service provider.<\/div><\/header><div class=\"bt_bb_separator bt_bb_border_style_none bt_bb_bottom_spacing_normal\" data-bt-override-class=\"null\"><\/div><\/div><\/div><\/div><\/div><\/div><\/div><!-- cell_inner --><\/div><!-- cell --><\/div><!-- port --><\/section><section data-bb-version=\"4.5.5\" id=\"sliderjainfo\" class=\"bt_bb_section bt_bb_layout_wide bt_bb_vertical_align_top bt_bb_top_spacing_ bt_bb_bottom_spacing_medium\" style=\";background-color:rgb(255,255,255);\" data-bt-override-class=\"{&quot;bt_bb_top_spacing_&quot;:{&quot;current_class&quot;:&quot;bt_bb_top_spacing_&quot;,&quot;def&quot;:&quot;&quot;},&quot;bt_bb_bottom_spacing_&quot;:{&quot;current_class&quot;:&quot;bt_bb_bottom_spacing_medium&quot;,&quot;def&quot;:&quot;medium&quot;}}\"><div class=\"bt_bb_port\"><div class=\"bt_bb_cell\"><div class=\"bt_bb_cell_inner\"><div data-bb-version=\"4.5.5\" class=\"bt_bb_row\" style=\"max-width: 1820px; margin-left: auto; margin-right: auto; padding-bottom: 2em;\" data-bt-override-class=\"{}\"><div class=\"bt_bb_row_holder\" ><div data-bb-version=\"4.5.6\"  class=\"bt_bb_column col-xxl-8 col-xl-8 col-xs-12 col-sm-12 col-md-12 col-lg-8 bt_bb_vertical_align_top bt_bb_align_left bt_bb_padding_normal bt_bb_animation_fade_in move_right animate\" style=\"; --column-width:8;\" data-width=\"8\" data-bt-override-class=\"{&quot;bt_bb_align_&quot;:{&quot;current_class&quot;:&quot;bt_bb_align_left&quot;,&quot;def&quot;:&quot;left&quot;},&quot;bt_bb_padding_&quot;:{&quot;current_class&quot;:&quot;bt_bb_padding_normal&quot;,&quot;def&quot;:&quot;normal&quot;}}\"><div class=\"bt_bb_column_content\"><div class=\"bt_bb_column_content_inner\"><div data-bb-version=\"4.9.1\" class=\"bt_bb_css_image_grid bt_bb_columns_4 bt_bb_gap_extrasmall bt_bb_shape_inherit bt_bb_animation_fade_in animate\" data-columns=\"4\"><div class=\"bt_bb_css_image_grid_content\"><div class=\"bt_bb_css_image_grid_item bt_bb_tile_format_11\" data-src-full=\"https:\/\/estove.ee\/wp-content\/uploads\/2024\/05\/estove_suitsuahi_bg-1280x640-1.webp\" title=\"estove_suitsuahi_bg-1280x640\"><div class=\"bt_bb_css_image_grid_item_inner\"><div class=\"bt_bb_css_image_grid_item_inner_image\"><img decoding=\"async\" src=\"https:\/\/estove.ee\/wp-content\/uploads\/2024\/05\/estove_suitsuahi_bg-1280x640-1.webp\" data-src-full=\"https:\/\/estove.ee\/wp-content\/uploads\/2024\/05\/estove_suitsuahi_bg-1280x640-1.webp\" title=\"estove_suitsuahi_bg-1280x640\" alt=\"estove_suitsuahi_bg-1280x640\"\/><\/div><div class=\"bt_bb_css_image_grid_item_inner_content\"><\/div><\/div><\/div><div class=\"bt_bb_css_image_grid_item bt_bb_tile_format_11\" data-src-full=\"https:\/\/estove.ee\/wp-content\/uploads\/2024\/05\/DSC01741.jpg\" title=\"DSC01741\"><div class=\"bt_bb_css_image_grid_item_inner\"><div class=\"bt_bb_css_image_grid_item_inner_image\"><img decoding=\"async\" src=\"https:\/\/estove.ee\/wp-content\/uploads\/2024\/05\/DSC01741.jpg\" data-src-full=\"https:\/\/estove.ee\/wp-content\/uploads\/2024\/05\/DSC01741.jpg\" title=\"DSC01741\" alt=\"DSC01741\"\/><\/div><div class=\"bt_bb_css_image_grid_item_inner_content\"><\/div><\/div><\/div><div class=\"bt_bb_css_image_grid_item bt_bb_tile_format_11\" data-src-full=\"https:\/\/estove.ee\/wp-content\/uploads\/2024\/05\/DSC01738.jpg\" title=\"DSC01738\"><div class=\"bt_bb_css_image_grid_item_inner\"><div class=\"bt_bb_css_image_grid_item_inner_image\"><img decoding=\"async\" src=\"https:\/\/estove.ee\/wp-content\/uploads\/2024\/05\/DSC01738.jpg\" data-src-full=\"https:\/\/estove.ee\/wp-content\/uploads\/2024\/05\/DSC01738.jpg\" title=\"DSC01738\" alt=\"DSC01738\"\/><\/div><div class=\"bt_bb_css_image_grid_item_inner_content\"><\/div><\/div><\/div><div class=\"bt_bb_css_image_grid_item bt_bb_tile_format_11\" data-src-full=\"https:\/\/estove.ee\/wp-content\/uploads\/2024\/05\/DSC01745.jpg\" title=\"DSC01745\"><div class=\"bt_bb_css_image_grid_item_inner\"><div class=\"bt_bb_css_image_grid_item_inner_image\"><img decoding=\"async\" src=\"https:\/\/estove.ee\/wp-content\/uploads\/2024\/05\/DSC01745.jpg\" data-src-full=\"https:\/\/estove.ee\/wp-content\/uploads\/2024\/05\/DSC01745.jpg\" title=\"DSC01745\" alt=\"DSC01745\"\/><\/div><div class=\"bt_bb_css_image_grid_item_inner_content\"><\/div><\/div><\/div><div class=\"bt_bb_css_image_grid_item bt_bb_tile_format_11\" data-src-full=\"https:\/\/estove.ee\/wp-content\/uploads\/2024\/05\/DSC01749.jpg\" title=\"DSC01749\"><div class=\"bt_bb_css_image_grid_item_inner\"><div class=\"bt_bb_css_image_grid_item_inner_image\"><img decoding=\"async\" src=\"https:\/\/estove.ee\/wp-content\/uploads\/2024\/05\/DSC01749.jpg\" data-src-full=\"https:\/\/estove.ee\/wp-content\/uploads\/2024\/05\/DSC01749.jpg\" title=\"DSC01749\" alt=\"DSC01749\"\/><\/div><div class=\"bt_bb_css_image_grid_item_inner_content\"><\/div><\/div><\/div><div class=\"bt_bb_css_image_grid_item bt_bb_tile_format_11\" data-src-full=\"https:\/\/estove.ee\/wp-content\/uploads\/2024\/05\/DSC03877.jpg\" title=\"DSC03877\"><div class=\"bt_bb_css_image_grid_item_inner\"><div class=\"bt_bb_css_image_grid_item_inner_image\"><img decoding=\"async\" src=\"https:\/\/estove.ee\/wp-content\/uploads\/2024\/05\/DSC03877.jpg\" data-src-full=\"https:\/\/estove.ee\/wp-content\/uploads\/2024\/05\/DSC03877.jpg\" title=\"DSC03877\" alt=\"DSC03877\"\/><\/div><div class=\"bt_bb_css_image_grid_item_inner_content\"><\/div><\/div><\/div><div class=\"bt_bb_css_image_grid_item bt_bb_tile_format_11\" data-src-full=\"https:\/\/estove.ee\/wp-content\/uploads\/2024\/05\/DSC03880.jpg\" title=\"DSC03880\"><div class=\"bt_bb_css_image_grid_item_inner\"><div class=\"bt_bb_css_image_grid_item_inner_image\"><img decoding=\"async\" src=\"https:\/\/estove.ee\/wp-content\/uploads\/2024\/05\/DSC03880.jpg\" data-src-full=\"https:\/\/estove.ee\/wp-content\/uploads\/2024\/05\/DSC03880.jpg\" title=\"DSC03880\" alt=\"DSC03880\"\/><\/div><div class=\"bt_bb_css_image_grid_item_inner_content\"><\/div><\/div><\/div><div class=\"bt_bb_css_image_grid_item bt_bb_tile_format_11\" data-src-full=\"https:\/\/estove.ee\/wp-content\/uploads\/2024\/05\/estove_suitsuahi_projekt_22.jpg\" title=\"estove_suitsuahi_projekt_22\"><div class=\"bt_bb_css_image_grid_item_inner\"><div class=\"bt_bb_css_image_grid_item_inner_image\"><img decoding=\"async\" src=\"https:\/\/estove.ee\/wp-content\/uploads\/2024\/05\/estove_suitsuahi_projekt_22.jpg\" data-src-full=\"https:\/\/estove.ee\/wp-content\/uploads\/2024\/05\/estove_suitsuahi_projekt_22.jpg\" title=\"estove_suitsuahi_projekt_22\" alt=\"estove_suitsuahi_projekt_22\"\/><\/div><div class=\"bt_bb_css_image_grid_item_inner_content\"><\/div><\/div><\/div><\/div><\/div><\/div><\/div><\/div><div data-bb-version=\"4.5.5\" id=\"omadused\" class=\"bt_bb_column col-xxl-4 col-xl-4 col-xs-12 col-sm-12 col-md-12 col-lg-4 bt_bb_vertical_align_top bt_bb_align_left bt_bb_padding_normal bt_bb_animation_fade_in move_left animate\" style=\"; --column-width:4;\" data-width=\"4\" data-bt-override-class=\"{&quot;bt_bb_align_&quot;:{&quot;current_class&quot;:&quot;bt_bb_align_left&quot;,&quot;def&quot;:&quot;left&quot;},&quot;bt_bb_padding_&quot;:{&quot;current_class&quot;:&quot;bt_bb_padding_normal&quot;,&quot;def&quot;:&quot;normal&quot;}}\"><div class=\"bt_bb_column_content\"><div class=\"bt_bb_column_content_inner\"><div data-bb-version=\"4.5.5\"  class=\"bt_bb_text\" ><\/p>\n<h2>Handcrafted Estove Smoke Oven<\/h2>\n<ul>\n<li>Estove suitsuahi v\u00f5tab v\u00e4he puid<\/li>\n<li>\n<p class=\"p2\">Double-layer oven body<\/p>\n<\/li>\n<li>\n<p class=\"p2\">Estove suitsuahi on neutraalsem v\u00e4litemperatuuri muutustele<\/p>\n<\/li>\n<li>\n<p class=\"p2\">Stable internal temperature<\/p>\n<\/li>\n<li>\n<p class=\"p2\">Unique craftsmanship<\/p>\n<\/li>\n<li>\n<p class=\"p2\">Suitsuahju erinevad detailid ning viimistlus on meistriga kokkuleppitavad<\/p>\n<\/li>\n<li>\n<p class=\"p2\">Estove suitsuahju on mugav kasutada ka grilli asemena ja \u201cslow cooking\u201d meetodil h\u00f5rgutise k\u00fcpsetamiseks<\/p>\n<\/li>\n<li>Good choice for a service provider<\/li>\n<\/ul>\n<p>\n<\/div><div data-bb-version=\"4.5.6\" id=\"kontaktinupp\" class=\"bt_bb_button bt_bb_color_scheme_6 bt_bb_icon_position_left bt_bb_style_filled bt_bb_size_normal bt_bb_width_inline bt_bb_shape_inherit bt_bb_target_self bt_bb_text_transform_uppercase bt_bb_align_inherit\" style=\"; --primary-color:#ffffff; --secondary-color:#db501e;\" data-bt-override-class=\"{&quot;bt_bb_size_&quot;:{&quot;current_class&quot;:&quot;bt_bb_size_normal&quot;,&quot;def&quot;:&quot;normal&quot;},&quot;bt_bb_align_&quot;:{&quot;current_class&quot;:&quot;bt_bb_align_inherit&quot;,&quot;def&quot;:&quot;inherit&quot;}}\"><a href=\"https:\/\/estove.ee\/en\/kontakt\/\" target=\"_self\" class=\"bt_bb_link\" title=\"Get in touch\"><span class=\"bt_bb_button_text\" >Get in touch<\/span><span  data-ico-icon7stroke=\"&#xe66d;\" class=\"bt_bb_icon_holder\"><\/span><\/a><\/div><div data-bb-version=\"4.9.1\" class=\"bt_bb_separator bt_bb_border_style_none bt_bb_top_spacing_30 bt_bb_bottom_spacing_\" data-bt-override-class=\"{&quot;bt_bb_top_spacing_&quot;:{&quot;current_class&quot;:&quot;bt_bb_top_spacing_30&quot;,&quot;def&quot;:&quot;30&quot;},&quot;bt_bb_bottom_spacing_&quot;:{&quot;current_class&quot;:&quot;bt_bb_bottom_spacing_&quot;,&quot;def&quot;:&quot;&quot;}}\"><\/div><div data-bb-version=\"4.5.5\"  class=\"bt_bb_text\" ><\/p>\n<h3>Estonian handicraft<\/h3>\n<p>Custom-made and handcrafted Estove smoke oven offers functionality and aesthetics. The smoke oven is made from environmentally friendly materials and most of the metal is recycled.<\/p>\n<h4>Smoked meat awaits!<\/h4>\n<p>A suitable thermometer is supplied.<br \/>\nAs well as good advice  from Estove founder how to use and maintin the oven.<\/p>\n<p><a href=\"https:\/\/estove.ee\/en\/kontakt\/\">WRITE TO US <\/a>or give us a call: <a href=\"tel:+3725259672\">(+372) 52 59 672<\/a><\/p>\n<p>\n<\/div><\/div><\/div><\/div><\/div><\/div><\/div><!-- cell_inner --><\/div><!-- cell --><\/div><!-- port --><\/section><section data-bb-version=\"4.5.5\" id=\"bt_bb_section69e78b41d0f76\" class=\"bt_bb_section bt_bb_layout_wide bt_bb_vertical_align_top bt_bb_top_spacing_ bt_bb_bottom_spacing_\" style=\";background-color:rgb(255,255,255);\" data-bt-override-class=\"{&quot;bt_bb_top_spacing_&quot;:{&quot;current_class&quot;:&quot;bt_bb_top_spacing_&quot;,&quot;def&quot;:&quot;&quot;},&quot;bt_bb_bottom_spacing_&quot;:{&quot;current_class&quot;:&quot;bt_bb_bottom_spacing_&quot;,&quot;def&quot;:&quot;&quot;}}\"><div class=\"bt_bb_port\"><div class=\"bt_bb_cell\"><div class=\"bt_bb_cell_inner\"><div data-bb-version=\"4.5.5\" class=\"bt_bb_row\" style=\"margin-bottom: 44px;\" data-bt-override-class=\"{}\"><div class=\"bt_bb_row_holder\" ><div data-bb-version=\"4.5.5\"  class=\"bt_bb_column col-xxl-12 col-xl-12 col-xs-12 col-sm-12 col-md-12 col-lg-12 midrowtext bt_bb_vertical_align_top bt_bb_align_left bt_bb_padding_normal bt_bb_animation_fade_in move_up animate\" style=\"; --column-width:12;\" data-width=\"12\" data-bt-override-class=\"{&quot;bt_bb_align_&quot;:{&quot;current_class&quot;:&quot;bt_bb_align_left&quot;,&quot;def&quot;:&quot;left&quot;},&quot;bt_bb_padding_&quot;:{&quot;current_class&quot;:&quot;bt_bb_padding_normal&quot;,&quot;def&quot;:&quot;normal&quot;}}\"><div class=\"bt_bb_column_content\"><div class=\"bt_bb_column_content_inner\"><div data-bb-version=\"4.5.5\" class=\"bt_bb_row_inner bt_bb_row_width_boxed_1400\" style=\"padding-top: 44px;\"  data-bt-override-class=\"{}\"><div class=\"bt_bb_row_inner_holder\"  ><div data-bb-version=\"4.5.5\" id=\"taaskas\" class=\"bt_bb_column_inner col-xxl-12 col-xl-12 col-xs-12 col-sm-12 col-md-12 col-lg-12 bt_bb_vertical_align_top bt_bb_align_left bt_bb_padding_80\"  data-width=\"12\" data-bt-override-class=\"{&quot;bt_bb_align_&quot;:{&quot;current_class&quot;:&quot;bt_bb_align_left&quot;,&quot;def&quot;:&quot;left&quot;},&quot;bt_bb_padding_&quot;:{&quot;current_class&quot;:&quot;bt_bb_padding_80&quot;,&quot;def&quot;:&quot;80&quot;}}\"><div class=\"bt_bb_column_inner_content\"><div class=\"bt_bb_column_inner_content_inner\"><div data-bb-version=\"4.5.6\"  class=\"bt_bb_text bt_bb_animation_fade_in move_up animate\" ><\/p>\n<h4><\/h4>\n<h4 style=\"text-align: center\">We value recycling<\/h4>\n<p style=\"text-align: center\">The metal used in all products is mostly recycled. Wherever possible, Estove contributes to the health of the world.<br \/>From time to time we will do product demonstrations - at an event, a fair or simply at home - in a backyard kitchen.<br \/>View our <a href=\"https:\/\/estove.ee\/en\/uudised\/\">blog<\/a> and <a href=\"#sotsiaalmeedia\">social media<\/a>.<\/p>\n<p>\n<\/div><\/div><\/div><\/div><\/div><\/div><\/div><\/div><\/div><\/div><\/div><\/div><!-- cell_inner --><\/div><!-- cell --><\/div><!-- port --><\/section><section data-bb-version=\"4.9.1\" id=\"bt_bb_section69e78b41d11ae\" class=\"bt_bb_section bt_bb_layout_boxed_1200\"  data-bt-override-class=\"null\"><div class=\"bt_bb_port\"><div class=\"bt_bb_cell\"><div class=\"bt_bb_cell_inner\"><div class=\"bt_bb_row\"  data-bt-override-class=\"{}\"><div class=\"bt_bb_row_holder\" ><div data-bb-version=\"4.9.1\"  class=\"bt_bb_column col-xxl-12 col-xl-12 col-xs-12 col-sm-12 col-md-12 col-lg-12 bt_bb_vertical_align_top bt_bb_align_left bt_bb_padding_normal\" style=\"; --column-width:12;\" data-width=\"12\" data-bt-override-class=\"{}\"><div class=\"bt_bb_column_content\"><div class=\"bt_bb_column_content_inner\"><\/div><\/div><\/div><\/div><\/div><\/div><!-- cell_inner --><\/div><!-- cell --><\/div><!-- port --><\/section><\/p>","protected":false},"excerpt":{"rendered":"","protected":false},"author":1,"featured_media":5705,"parent":4794,"menu_order":0,"comment_status":"closed","ping_status":"closed","template":"","meta":{"inline_featured_image":false,"footnotes":""},"class_list":["post-5278","page","type-page","status-publish","has-post-thumbnail","hentry"],"yoast_head":"<!-- This site is optimized with the Yoast SEO plugin v27.4 - https:\/\/yoast.com\/product\/yoast-seo-wordpress\/ -->\n<title>ESTOVE - Suitsuahi - Eritellimusel valmiv Eesti k\u00e4sit\u00f6\u00f6!<\/title>\n<meta name=\"description\" content=\"Suitsuahju kahekihiline kere tagab stabiilse sisetemperatuuri. Estove suitsuahi v\u00f5tab v\u00e4he puid ja on ideaalne ka teenusepakkujale.\" \/>\n<meta name=\"robots\" content=\"index, follow, max-snippet:-1, max-image-preview:large, max-video-preview:-1\" \/>\n<link rel=\"canonical\" href=\"https:\/\/estove.ee\/en\/tooted-ja-teenused\/suitsuahi\/\" \/>\n<meta property=\"og:locale\" content=\"en_US\" \/>\n<meta property=\"og:type\" content=\"article\" \/>\n<meta property=\"og:title\" content=\"ESTOVE - Suitsuahi - Eritellimusel valmiv Eesti k\u00e4sit\u00f6\u00f6!\" \/>\n<meta property=\"og:description\" content=\"Suitsuahju kahekihiline kere tagab stabiilse sisetemperatuuri. Estove suitsuahi v\u00f5tab v\u00e4he puid ja on ideaalne ka teenusepakkujale.\" \/>\n<meta property=\"og:url\" content=\"https:\/\/estove.ee\/en\/tooted-ja-teenused\/suitsuahi\/\" \/>\n<meta property=\"og:site_name\" content=\"ESTOVE O\u00dc\" \/>\n<meta property=\"article:modified_time\" content=\"2025-01-31T09:26:41+00:00\" \/>\n<meta name=\"twitter:card\" content=\"summary_large_image\" \/>\n<meta name=\"twitter:label1\" content=\"Est. reading time\" \/>\n\t<meta name=\"twitter:data1\" content=\"4 minutes\" \/>\n<script type=\"application\/ld+json\" class=\"yoast-schema-graph\">{\"@context\":\"https:\\\/\\\/schema.org\",\"@graph\":[{\"@type\":\"WebPage\",\"@id\":\"https:\\\/\\\/estove.ee\\\/en\\\/tooted-ja-teenused\\\/suitsuahi\\\/\",\"url\":\"https:\\\/\\\/estove.ee\\\/en\\\/tooted-ja-teenused\\\/suitsuahi\\\/\",\"name\":\"ESTOVE - Suitsuahi - Eritellimusel valmiv Eesti k\u00e4sit\u00f6\u00f6!\",\"isPartOf\":{\"@id\":\"http:\\\/\\\/www.estove.ee\\\/en\\\/#website\"},\"primaryImageOfPage\":{\"@id\":\"https:\\\/\\\/estove.ee\\\/en\\\/tooted-ja-teenused\\\/suitsuahi\\\/#primaryimage\"},\"image\":{\"@id\":\"https:\\\/\\\/estove.ee\\\/en\\\/tooted-ja-teenused\\\/suitsuahi\\\/#primaryimage\"},\"thumbnailUrl\":\"\",\"datePublished\":\"2023-07-11T11:32:59+00:00\",\"dateModified\":\"2025-01-31T09:26:41+00:00\",\"description\":\"Suitsuahju kahekihiline kere tagab stabiilse sisetemperatuuri. Estove suitsuahi v\u00f5tab v\u00e4he puid ja on ideaalne ka teenusepakkujale.\",\"breadcrumb\":{\"@id\":\"https:\\\/\\\/estove.ee\\\/en\\\/tooted-ja-teenused\\\/suitsuahi\\\/#breadcrumb\"},\"inLanguage\":\"en-US\",\"potentialAction\":[{\"@type\":\"ReadAction\",\"target\":[\"https:\\\/\\\/estove.ee\\\/en\\\/tooted-ja-teenused\\\/suitsuahi\\\/\"]}]},{\"@type\":\"ImageObject\",\"inLanguage\":\"en-US\",\"@id\":\"https:\\\/\\\/estove.ee\\\/en\\\/tooted-ja-teenused\\\/suitsuahi\\\/#primaryimage\",\"url\":\"\",\"contentUrl\":\"\"},{\"@type\":\"BreadcrumbList\",\"@id\":\"https:\\\/\\\/estove.ee\\\/en\\\/tooted-ja-teenused\\\/suitsuahi\\\/#breadcrumb\",\"itemListElement\":[{\"@type\":\"ListItem\",\"position\":1,\"name\":\"Home\",\"item\":\"http:\\\/\\\/www.estove.ee\\\/en\\\/\"},{\"@type\":\"ListItem\",\"position\":2,\"name\":\"Tooted ja teenused\",\"item\":\"http:\\\/\\\/estove.ee\\\/en\\\/tooted-ja-teenused\\\/\"},{\"@type\":\"ListItem\",\"position\":3,\"name\":\"Suitsuahi\"}]},{\"@type\":\"WebSite\",\"@id\":\"http:\\\/\\\/www.estove.ee\\\/en\\\/#website\",\"url\":\"http:\\\/\\\/www.estove.ee\\\/en\\\/\",\"name\":\"ESTOVE O\u00dc\",\"description\":\"K\u00e4sit\u00f6\u00f6na valmistatud suitsuahjud, pitsaahjud, suitsusauna kerised ja teised tulekolded\",\"potentialAction\":[{\"@type\":\"SearchAction\",\"target\":{\"@type\":\"EntryPoint\",\"urlTemplate\":\"http:\\\/\\\/www.estove.ee\\\/en\\\/?s={search_term_string}\"},\"query-input\":{\"@type\":\"PropertyValueSpecification\",\"valueRequired\":true,\"valueName\":\"search_term_string\"}}],\"inLanguage\":\"en-US\"}]}<\/script>\n<!-- \/ Yoast SEO plugin. -->","yoast_head_json":{"title":"ESTOVE - Suitsuahi - Eritellimusel valmiv Eesti k\u00e4sit\u00f6\u00f6!","description":"Suitsuahju kahekihiline kere tagab stabiilse sisetemperatuuri. Estove suitsuahi v\u00f5tab v\u00e4he puid ja on ideaalne ka teenusepakkujale.","robots":{"index":"index","follow":"follow","max-snippet":"max-snippet:-1","max-image-preview":"max-image-preview:large","max-video-preview":"max-video-preview:-1"},"canonical":"https:\/\/estove.ee\/en\/tooted-ja-teenused\/suitsuahi\/","og_locale":"en_US","og_type":"article","og_title":"ESTOVE - Suitsuahi - Eritellimusel valmiv Eesti k\u00e4sit\u00f6\u00f6!","og_description":"Suitsuahju kahekihiline kere tagab stabiilse sisetemperatuuri. Estove suitsuahi v\u00f5tab v\u00e4he puid ja on ideaalne ka teenusepakkujale.","og_url":"https:\/\/estove.ee\/en\/tooted-ja-teenused\/suitsuahi\/","og_site_name":"ESTOVE O\u00dc","article_modified_time":"2025-01-31T09:26:41+00:00","twitter_card":"summary_large_image","twitter_misc":{"Est. reading time":"4 minutes"},"schema":{"@context":"https:\/\/schema.org","@graph":[{"@type":"WebPage","@id":"https:\/\/estove.ee\/en\/tooted-ja-teenused\/suitsuahi\/","url":"https:\/\/estove.ee\/en\/tooted-ja-teenused\/suitsuahi\/","name":"ESTOVE - Suitsuahi - Eritellimusel valmiv Eesti k\u00e4sit\u00f6\u00f6!","isPartOf":{"@id":"http:\/\/www.estove.ee\/en\/#website"},"primaryImageOfPage":{"@id":"https:\/\/estove.ee\/en\/tooted-ja-teenused\/suitsuahi\/#primaryimage"},"image":{"@id":"https:\/\/estove.ee\/en\/tooted-ja-teenused\/suitsuahi\/#primaryimage"},"thumbnailUrl":"","datePublished":"2023-07-11T11:32:59+00:00","dateModified":"2025-01-31T09:26:41+00:00","description":"Suitsuahju kahekihiline kere tagab stabiilse sisetemperatuuri. Estove suitsuahi v\u00f5tab v\u00e4he puid ja on ideaalne ka teenusepakkujale.","breadcrumb":{"@id":"https:\/\/estove.ee\/en\/tooted-ja-teenused\/suitsuahi\/#breadcrumb"},"inLanguage":"en-US","potentialAction":[{"@type":"ReadAction","target":["https:\/\/estove.ee\/en\/tooted-ja-teenused\/suitsuahi\/"]}]},{"@type":"ImageObject","inLanguage":"en-US","@id":"https:\/\/estove.ee\/en\/tooted-ja-teenused\/suitsuahi\/#primaryimage","url":"","contentUrl":""},{"@type":"BreadcrumbList","@id":"https:\/\/estove.ee\/en\/tooted-ja-teenused\/suitsuahi\/#breadcrumb","itemListElement":[{"@type":"ListItem","position":1,"name":"Home","item":"http:\/\/www.estove.ee\/en\/"},{"@type":"ListItem","position":2,"name":"Tooted ja teenused","item":"http:\/\/estove.ee\/en\/tooted-ja-teenused\/"},{"@type":"ListItem","position":3,"name":"Suitsuahi"}]},{"@type":"WebSite","@id":"http:\/\/www.estove.ee\/en\/#website","url":"http:\/\/www.estove.ee\/en\/","name":"ESTOVE O\u00dc","description":"K\u00e4sit\u00f6\u00f6na valmistatud suitsuahjud, pitsaahjud, suitsusauna kerised ja teised tulekolded","potentialAction":[{"@type":"SearchAction","target":{"@type":"EntryPoint","urlTemplate":"http:\/\/www.estove.ee\/en\/?s={search_term_string}"},"query-input":{"@type":"PropertyValueSpecification","valueRequired":true,"valueName":"search_term_string"}}],"inLanguage":"en-US"}]}},"_links":{"self":[{"href":"https:\/\/estove.ee\/en\/wp-json\/wp\/v2\/pages\/5278","targetHints":{"allow":["GET"]}}],"collection":[{"href":"https:\/\/estove.ee\/en\/wp-json\/wp\/v2\/pages"}],"about":[{"href":"https:\/\/estove.ee\/en\/wp-json\/wp\/v2\/types\/page"}],"author":[{"embeddable":true,"href":"https:\/\/estove.ee\/en\/wp-json\/wp\/v2\/users\/1"}],"replies":[{"embeddable":true,"href":"https:\/\/estove.ee\/en\/wp-json\/wp\/v2\/comments?post=5278"}],"version-history":[{"count":5,"href":"https:\/\/estove.ee\/en\/wp-json\/wp\/v2\/pages\/5278\/revisions"}],"predecessor-version":[{"id":6157,"href":"https:\/\/estove.ee\/en\/wp-json\/wp\/v2\/pages\/5278\/revisions\/6157"}],"up":[{"embeddable":true,"href":"https:\/\/estove.ee\/en\/wp-json\/wp\/v2\/pages\/4794"}],"wp:featuredmedia":[{"embeddable":true,"href":"https:\/\/estove.ee\/en\/wp-json\/"}],"wp:attachment":[{"href":"https:\/\/estove.ee\/en\/wp-json\/wp\/v2\/media?parent=5278"}],"curies":[{"name":"wp","href":"https:\/\/api.w.org\/{rel}","templated":true}]}}